{"id":206,"date":"2015-07-14T14:50:10","date_gmt":"2015-07-14T14:50:10","guid":{"rendered":"http:\/\/test.kriesi.at\/minimal-portfolio\/?page_id=9"},"modified":"2026-02-28T19:52:26","modified_gmt":"2026-02-28T18:52:26","slug":"home-2","status":"publish","type":"page","link":"http:\/\/www.zahnmuseum-linz.at\/2020wordpress\/wordpress\/","title":{"rendered":"Zahnmuseum HOME"},"content":{"rendered":"<div id='av_section_1'  class='avia-section main_color avia-section-large avia-no-border-styling  avia-full-stretch av-section-color-overlay-active avia-bg-style-fixed  avia-builder-el-0  el_before_av_layout_row  avia-builder-el-first   container_wrap fullsize' style='background-color: #ffffff; background-repeat: no-repeat; background-image: url(http:\/\/www.zahnmuseum-linz.at\/2020wordpress\/wordpress\/wp-content\/uploads\/2020\/04\/kaestchen-2.jpg);background-attachment: fixed; background-position: top left;  '  data-section-bg-repeat='stretch'><div class='av-section-color-overlay-wrap'><div class='av-section-color-overlay' style='opacity: 0.2; background-color: #ffffff; '><\/div><a href='#next-section' title='' class='scroll-down-link '  aria-hidden='true' data-av_icon='\ue877' data-av_iconfont='entypo-fontello'><\/a><div class='container' ><main  role=\"main\" itemprop=\"mainContentOfPage\"  class='template-page content  av-content-full alpha units'><div class='post-entry post-entry-type-page post-entry-206'><div class='entry-content-wrapper clearfix'>\n<div class=\"flex_column av_one_fifth  av-animated-generic right-to-left  flex_column_div first  avia-builder-el-1  el_before_av_three_fifth  avia-builder-el-first  \" style='padding:20px; border-radius:0px; '><\/div><div class=\"flex_column av_three_fifth  av-animated-generic top-to-bottom  flex_column_div   avia-builder-el-2  el_after_av_one_fifth  el_before_av_one_fifth  \" style='padding:20px; border-radius:0px; '><p><div  style='padding-bottom:0px; font-size:65px;' class='av-special-heading av-special-heading-h2  blockquote modern-quote modern-centered  avia-builder-el-3  el_before_av_hr  avia-builder-el-first  av-thin-font av-inherit-size '><h2 class='av-special-heading-tag '  itemprop=\"headline\"  ><strong>Zahnmuseum Linz<\/strong><\/h2><div class ='av-subheading av-subheading_below  ' style='font-size:15px;'><p><strong>Linzer Museum f\u00fcr Geschichte der Zahnheilkunde und Zahntechnik<\/strong><\/p>\n<\/div><div class='special-heading-border'><div class='special-heading-inner-border' ><\/div><\/div><\/div><br \/>\n<div  style=' margin-top:30px; margin-bottom:30px;'  class='hr hr-custom hr-center hr-icon-no   avia-builder-el-4  el_after_av_heading  avia-builder-el-last '><span class='hr-inner   inner-border-av-border-thin' style=' width:50px; border-color:#000000;' ><span class='hr-inner-style'><\/span><\/span><\/div><\/p><\/div><div class=\"flex_column av_one_fifth  av-animated-generic right-to-left  flex_column_div   avia-builder-el-5  el_after_av_three_fifth  el_before_av_one_full  \" style='padding:20px; border-radius:0px; '><\/div><div class=\"flex_column av_one_full  flex_column_div av-zero-column-padding first  avia-builder-el-6  el_after_av_one_fifth  avia-builder-el-last  column-top-margin\" style='border-radius:0px; '><section class=\"av_textblock_section \"  itemscope=\"itemscope\" itemtype=\"https:\/\/schema.org\/CreativeWork\" ><div class='avia_textblock  av_inherit_color '  style='font-size:22px; '  itemprop=\"text\" ><h1 style=\"text-align: center;\">***<\/h1>\n<h1 style=\"text-align: center;\"><strong>Montag bis Freitag: 09:00 bis 18:00 Uhr<\/strong><\/h1>\n<h1 style=\"text-align: center;\">***<\/h1>\n<\/div><\/section><br \/>\n<div  style='height:120px' class='hr hr-invisible   avia-builder-el-8  el_after_av_textblock  avia-builder-el-last '><span class='hr-inner ' ><span class='hr-inner-style'><\/span><\/span><\/div><\/p><\/div><\/div><\/div><\/main><!-- close content main element --><\/div><div class='av-extra-border-element border-extra-diagonal  diagonal-box-shadow'><div class='av-extra-border-outer'><div class='av-extra-border-inner'  style='background-color:#f8f8f8;' ><\/div><\/div><\/div><\/div><\/div><div id='av-layout-grid-1'  class='av-layout-grid-container entry-content-wrapper main_color av-flex-cells   av-border-top-bottom  avia-builder-el-9  el_after_av_section  el_before_av_section  submenu-not-first container_wrap fullsize' style=' '  >\n<div class=\"flex_cell no_margin av_one_third  avia-builder-el-10  el_before_av_cell_one_third  avia-builder-el-first   \"  style='background: #f8f8f8; vertical-align:top; padding:30px; background-color:#f8f8f8; ' ><div class='flex_cell_inner' ><p><div class=\"flex_column av_one_fifth  flex_column_div av-zero-column-padding first  avia-builder-el-11  el_before_av_four_fifth  avia-builder-el-first  \" style='border-radius:0px; '><\/div><div class=\"flex_column av_four_fifth  av-animated-generic right-to-left  flex_column_div av-zero-column-padding   avia-builder-el-12  el_after_av_one_fifth  el_before_av_one_fifth  \" style='border-radius:0px; '><p><span  class=\"av_font_icon avia_animate_when_visible avia-icon-animate  av-icon-style-  av-no-color avia-icon-pos-left \" style=\"\"><span class='av-icon-char' style='font-size:40px;line-height:40px;' aria-hidden='true' data-av_icon='\uf119' data-av_iconfont='light_' ><\/span><\/span><br \/>\n<div  style='height:20px' class='hr hr-invisible   avia-builder-el-14  el_after_av_font_icon  el_before_av_textblock '><span class='hr-inner ' ><span class='hr-inner-style'><\/span><\/span><\/div><br \/>\n<section class=\"av_textblock_section \"  itemscope=\"itemscope\" itemtype=\"https:\/\/schema.org\/CreativeWork\" ><div class='avia_textblock  '   itemprop=\"text\" ><h2><a href=\"http:\/\/www.zahnmuseum-linz.at\/2020wordpress\/wordpress\/das-museum\/\" data-wplink-edit=\"true\">R\u00e4umlichkeiten<\/a><\/h2>\n<p>Die Ausstellungsr\u00e4ume sind modern architektonisch gestaltet und kontrastiert mit den mittelalterlichen Gew\u00f6lben des Alten Rathauses. Luftig wirkende Inseln oder \u201eMundh\u00f6hlen\u201c, die durch transparente Vorh\u00e4nge getrennt sind, beherbergen Ordinationseinrichtungen aus den vergangenen 120 Jahren.<\/p>\n<\/div><\/section><\/p><\/div><div class=\"flex_column av_one_fifth  flex_column_div av-zero-column-padding first  avia-builder-el-16  el_after_av_four_fifth  el_before_av_four_fifth  \" style='border-radius:0px; '><\/div><div class=\"flex_column av_four_fifth  av-animated-generic right-to-left  flex_column_div av-zero-column-padding   avia-builder-el-17  el_after_av_one_fifth  avia-builder-el-last  \" style='border-radius:0px; '><p><span  class=\"av_font_icon avia_animate_when_visible avia-icon-animate  av-icon-style-  av-no-color avia-icon-pos-left \" style=\"\"><span class='av-icon-char' style='font-size:40px;line-height:40px;' aria-hidden='true' data-av_icon='\uf14e' data-av_iconfont='light_' ><\/span><\/span><br \/>\n<div  style='height:20px' class='hr hr-invisible   avia-builder-el-19  el_after_av_font_icon  el_before_av_textblock '><span class='hr-inner ' ><span class='hr-inner-style'><\/span><\/span><\/div><br \/>\n<section class=\"av_textblock_section \"  itemscope=\"itemscope\" itemtype=\"https:\/\/schema.org\/CreativeWork\" ><div class='avia_textblock  '   itemprop=\"text\" ><h2>Standort<\/h2>\n<p>Das Museum befindet sich im alten Linzer Rathaus. Die R\u00e4umlichkeiten des Museums sind also \u00e4u\u00dferst zentral gelegen und k\u00f6nnen sowohl \u00f6ffentlich (Haltestelle Hauptplatz) als auch mit dem PKW (Parkgarage Hauptplatz in unmittelbarer N\u00e4he) gut erreicht werden.<\/p>\n<\/div><\/section><\/p><\/div><\/p>\n<\/div><\/div><div class=\"flex_cell no_margin av_one_third  avia-builder-el-21  el_after_av_cell_one_third  el_before_av_cell_one_third   \"  style='background: #f8f8f8; vertical-align:top; padding:30px; background-color:#f8f8f8; ' ><div class='flex_cell_inner' ><p><div class=\"flex_column av_one_full  av-animated-generic right-to-left  flex_column_div av-zero-column-padding first  avia-builder-el-22  el_before_av_one_full  avia-builder-el-first  \" style='border-radius:0px; '><p><span  class=\"av_font_icon avia_animate_when_visible avia-icon-animate  av-icon-style-  av-no-color avia-icon-pos-left \" style=\"\"><span class='av-icon-char' style='font-size:40px;line-height:40px;' aria-hidden='true' data-av_icon='\uf123' data-av_iconfont='light_' ><\/span><\/span><br \/>\n<div  style='height:20px' class='hr hr-invisible   avia-builder-el-24  el_after_av_font_icon  el_before_av_textblock '><span class='hr-inner ' ><span class='hr-inner-style'><\/span><\/span><\/div><br \/>\n<section class=\"av_textblock_section \"  itemscope=\"itemscope\" itemtype=\"https:\/\/schema.org\/CreativeWork\" ><div class='avia_textblock  '   itemprop=\"text\" ><h2>Design<\/h2>\n<p>Die Vitrinen im Zahnmuseum sind eigens von den bekannten Ausstellungsarchitekten Gnigler und Wilhelm entworfen. Ihre Form symbolisiert Backenz\u00e4hne. Ihre Anordnung und Anzahl kann nach Erfordernis ver\u00e4ndert werden. Der Inhalt ist nach Themenkreisen geordnet.<\/p>\n<\/div><\/section><\/p><\/div><div class='flex_column_table av-equal-height-column-flextable -flextable' ><div class=\"flex_column av_one_full  av-animated-generic right-to-left  flex_column_table_cell av-equal-height-column av-align-top av-zero-column-padding first  avia-builder-el-26  el_after_av_one_full  avia-builder-el-last  column-top-margin\" style='border-radius:0px; '><p><span  class=\"av_font_icon avia_animate_when_visible avia-icon-animate  av-icon-style-  av-no-color avia-icon-pos-left \" style=\"\"><span class='av-icon-char' style='font-size:40px;line-height:40px;' aria-hidden='true' data-av_icon='\uf240' data-av_iconfont='light_' ><\/span><\/span><br \/>\n<div  style='height:20px' class='hr hr-invisible   avia-builder-el-28  el_after_av_font_icon  el_before_av_textblock '><span class='hr-inner ' ><span class='hr-inner-style'><\/span><\/span><\/div><br \/>\n<section class=\"av_textblock_section \"  itemscope=\"itemscope\" itemtype=\"https:\/\/schema.org\/CreativeWork\" ><div class='avia_textblock  '   itemprop=\"text\" ><h2>Barrierefrei<\/h2>\n<p>Das Museum ist behindertengerecht, also barrierefrei zu besuchen.<\/p>\n<\/div><\/section><\/p><\/div><\/div><!--close column table wrapper. Autoclose: 1 --><\/p>\n<\/div><\/div><div class=\"flex_cell no_margin av_one_third  avia-builder-el-30  el_after_av_cell_one_third  avia-builder-el-last   \"  style='background: #f8f8f8; vertical-align:top; padding:30px; background-color:#f8f8f8; ' ><div class='flex_cell_inner' ><div class=\"flex_column av_one_full  av-animated-generic right-to-left  avia-full-contain flex_column_div first  avia-builder-el-31  avia-builder-el-no-sibling  \" style='-webkit-transform: scale(1.1); -ms-transform: scale(1.1); transform: scale(1.1); z-index: 4;padding:20px; border-radius:0px; '><div  class='avia-image-container  av-styling-    avia-builder-el-32  avia-builder-el-no-sibling  avia-align-center '  itemprop=\"image\" itemscope=\"itemscope\" itemtype=\"https:\/\/schema.org\/ImageObject\"  ><div class='avia-image-container-inner'><div class='avia-image-overlay-wrap'><img class='avia_image' src='http:\/\/www.zahnmuseum-linz.at\/2020wordpress\/wordpress\/wp-content\/uploads\/2020\/04\/stuhl_frei-2.png' alt='' title='Stuhl ca. 1930' height=\"674\" width=\"450\"  itemprop=\"thumbnailUrl\"  \/><\/div><\/div><\/div><\/div>\n<\/div><\/div>\n<\/div><\/p>\n<div id='av_section_2'  class='avia-section main_color avia-section-default avia-no-border-styling  avia-bg-style-scroll  avia-builder-el-33  el_after_av_layout_row  el_before_av_section   container_wrap fullsize' style='background-color: #f8f8f8;  '  ><div class='container' ><div class='template-page content  av-content-full alpha units'><div class='post-entry post-entry-type-page post-entry-206'><div class='entry-content-wrapper clearfix'>\n<\/div><\/div><\/div><!-- close content main div --><\/div><div class='av-extra-border-element border-extra-diagonal border-extra-diagonal-inverse '><div class='av-extra-border-outer'><div class='av-extra-border-inner'  style='background-color:#ffffff;' ><\/div><\/div><\/div><\/div><div id='av_section_3'  class='avia-section main_color avia-section-huge avia-no-border-styling  avia-bg-style-parallax  avia-builder-el-34  el_after_av_section  el_before_av_section   container_wrap fullsize' style=' '  ><div class='container' ><div class='template-page content  av-content-full alpha units'><div class='post-entry post-entry-type-page post-entry-206'><div class='entry-content-wrapper clearfix'>\n<div class=\"flex_column av_two_third  av-animated-generic right-to-left  flex_column_div av-zero-column-padding first  avia-builder-el-35  el_before_av_one_third  avia-builder-el-first  \" style='border-radius:0px; '><div  class='av-hotspot-image-container   av-hotspot-blank av-mobile-fallback-active    avia-builder-el-36  avia-builder-el-no-sibling  av-non-fullwidth-hotspot-image'  itemprop=\"image\" itemscope=\"itemscope\" itemtype=\"https:\/\/schema.org\/ImageObject\" ><div class='av-hotspot-container'><div class='av-hotspot-container-inner-cell'><div class='av-hotspot-container-inner-wrap'><div class='av-image-hotspot av-image-hotspot-1 ' data-avia-tooltip-position='top' data-avia-tooltip-alignment='left' data-avia-tooltip-class='av-tt-default-width av-tt-pos-above av-tt-align-left  av-mobile-fallback-active  main_color av-tt-hotspot' data-avia-tooltip='&lt;p&gt;Eingang Zahnmuseum via Rathausgasse &#8211; Innenhof Wirtshaus Keintzel&lt;\/p&gt;\n' style='top: 38.2%; left: 45.9%; '><div class='av-image-hotspot_inner' style='background-color: #ff0000; color: #888888;'>1<\/div><div class='av-image-hotspot-pulse' style='background-color:#ffffff;'><\/div><\/div><div class='av-image-hotspot av-image-hotspot-2 ' data-avia-tooltip-position='top' data-avia-tooltip-alignment='left' data-avia-tooltip-class='av-tt-default-width av-tt-pos-above av-tt-align-left  av-mobile-fallback-active  main_color av-tt-hotspot' data-avia-tooltip='&lt;p&gt;ehemaliger Eingang&lt;\/p&gt;\n' style='top: 47.2%; left: 45.2%; '><div class='av-image-hotspot_inner' style=' '>2<\/div><div class='av-image-hotspot-pulse' ><\/div><\/div><div class='av-image-hotspot av-image-hotspot-3 ' data-avia-tooltip-position='top' data-avia-tooltip-alignment='left' data-avia-tooltip-class='av-tt-default-width av-tt-pos-above av-tt-align-left  av-mobile-fallback-active  main_color av-tt-hotspot' data-avia-tooltip='&lt;p&gt;Taubenmarkt&lt;\/p&gt;\n' style='top: 79.7%; left: 37%; '><div class='av-image-hotspot_inner' style=' '>3<\/div><div class='av-image-hotspot-pulse' ><\/div><\/div><img class='avia_image' src='http:\/\/www.zahnmuseum-linz.at\/2020wordpress\/wordpress\/wp-content\/uploads\/2020\/04\/lageplan-2.png' alt='' title='lageplan-2'  height=\"725\" width=\"729\"  itemprop=\"thumbnailUrl\"  \/><\/div><\/div><\/div><div class='av-hotspot-fallback-tooltip av-image-hotspot-1 '><div class='av-hotspot-fallback-tooltip-count'>1<div class='avia-arrow'><\/div><\/div><div class='av-hotspot-fallback-tooltip-inner clearfix'><p>\nEingang Zahnmuseum via Rathausgasse &#8211; Innenhof Wirtshaus Keintzel<\/p>\n<\/div><\/div><div class='av-hotspot-fallback-tooltip av-image-hotspot-2 '><div class='av-hotspot-fallback-tooltip-count'>2<div class='avia-arrow'><\/div><\/div><div class='av-hotspot-fallback-tooltip-inner clearfix'><p>\nehemaliger Eingang<\/p>\n<\/div><\/div><div class='av-hotspot-fallback-tooltip av-image-hotspot-3 '><div class='av-hotspot-fallback-tooltip-count'>3<div class='avia-arrow'><\/div><\/div><div class='av-hotspot-fallback-tooltip-inner clearfix'><p>\nTaubenmarkt<\/p>\n<\/div><\/div><\/div><\/div><div class=\"flex_column av_one_third  av-animated-generic right-to-left  flex_column_div av-zero-column-padding   avia-builder-el-37  el_after_av_two_third  el_before_av_hr  \" style='border-radius:0px; '><p><span  class=\"av_font_icon avia_animate_when_visible avia-icon-animate  av-icon-style-  av-no-color avia-icon-pos-left \" style=\"\"><span class='av-icon-char' style='font-size:40px;line-height:40px;' aria-hidden='true' data-av_icon='\ue842' data-av_iconfont='entypo-fontello' ><\/span><\/span><br \/>\n<div  style='height:20px' class='hr hr-invisible   avia-builder-el-39  el_after_av_font_icon  el_before_av_textblock '><span class='hr-inner ' ><span class='hr-inner-style'><\/span><\/span><\/div><br \/>\n<section class=\"av_textblock_section \"  itemscope=\"itemscope\" itemtype=\"https:\/\/schema.org\/CreativeWork\" ><div class='avia_textblock  '   itemprop=\"text\" ><p>Zugang via Rathausgasse &#8211; Innenhof Wirtshaus Keintzel<\/p>\n<h2>Altes Rathaus<\/h2>\n<p>Hauptplatz 1<br \/>\n4020 Linz<\/p>\n<p>\u2014<\/p>\n<p class=\"secondary address\">\n<\/div><\/section><\/p><\/div><div  style='height:115px' class='hr hr-invisible   avia-builder-el-41  el_after_av_one_third  avia-builder-el-last '><span class='hr-inner ' ><span class='hr-inner-style'><\/span><\/span><\/div>\n\n<\/div><\/div><\/div><!-- close content main div --><\/div><div class='av-extra-border-element border-extra-diagonal  '><div class='av-extra-border-outer'><div class='av-extra-border-inner'  style='background-color:#f8f8f8;' ><\/div><\/div><\/div><\/div><div id='exponate'  class='avia-section main_color avia-section-huge avia-no-border-styling  avia-bg-style-scroll  avia-builder-el-42  el_after_av_section  el_before_av_one_fifth   container_wrap fullsize' style='background-color: #f8f8f8;  '  ><div class='container' ><div class='template-page content  av-content-full alpha units'><div class='post-entry post-entry-type-page post-entry-206'><div class='entry-content-wrapper clearfix'>\n<div  style='padding-bottom:40px; font-size:65px;' class='av-special-heading av-special-heading-h3  blockquote modern-quote  avia-builder-el-43  el_before_av_masonry_gallery  avia-builder-el-no-sibling  av-inherit-size '><h3 class='av-special-heading-tag '  itemprop=\"headline\"  >Exponate<\/h3><div class='special-heading-border'><div class='special-heading-inner-border' ><\/div><\/div><\/div>\n<div id='av-masonry-1' class='av-masonry  noHover av-fixed-size av-large-gap av-hover-overlay-active av-masonry-animation-active av-masonry-col-3 av-caption-on-hover av-caption-style-overlay av-masonry-gallery     '  ><div class='av-masonry-container isotope av-js-disabled ' ><div class='av-masonry-entry isotope-item av-masonry-item-no-image '><\/div><a href=\"http:\/\/www.zahnmuseum-linz.at\/2020wordpress\/wordpress\/wp-content\/uploads\/2020\/04\/schnitt-colored-2.png\" id='av-masonry-1-item-632' data-av-masonry-item='632' class='av-masonry-entry isotope-item post-632 attachment type-attachment status-inherit hentry  av-masonry-item-with-image' title=\"\"  itemprop=\"thumbnailUrl\" ><div class='av-inner-masonry-sizer'><\/div><figure class='av-inner-masonry main_color'><div class=\"av-masonry-outerimage-container\"><div class=\"av-masonry-image-container\" style=\"background-image: url(http:\/\/www.zahnmuseum-linz.at\/2020wordpress\/wordpress\/wp-content\/uploads\/2020\/04\/schnitt-colored-2.png);\"><\/div><\/div><figcaption class='av-inner-masonry-content site-background'><div class='av-inner-masonry-content-pos'><div class='av-inner-masonry-content-pos-content'><div class='avia-arrow'><\/div><h3 class='av-masonry-entry-title entry-title '  itemprop=\"headline\" ><\/h3><\/div><\/div><\/figcaption><\/figure><\/a><!--end av-masonry entry--><a href=\"http:\/\/www.zahnmuseum-linz.at\/2020wordpress\/wordpress\/wp-content\/uploads\/2020\/04\/baderstuhl-colored-2.png\" id='av-masonry-1-item-631' data-av-masonry-item='631' class='av-masonry-entry isotope-item post-631 attachment type-attachment status-inherit hentry  av-masonry-item-with-image' title=\"Baderstuhl ca. 1720\"  itemprop=\"thumbnailUrl\" ><div class='av-inner-masonry-sizer'><\/div><figure class='av-inner-masonry main_color'><div class=\"av-masonry-outerimage-container\"><div class=\"av-masonry-image-container\" style=\"background-image: url(http:\/\/www.zahnmuseum-linz.at\/2020wordpress\/wordpress\/wp-content\/uploads\/2020\/04\/baderstuhl-colored-2.png);\" title=\"Baderstuhl ca. 1720\" ><\/div><\/div><figcaption class='av-inner-masonry-content site-background'><div class='av-inner-masonry-content-pos'><div class='av-inner-masonry-content-pos-content'><div class='avia-arrow'><\/div><h3 class='av-masonry-entry-title entry-title '  itemprop=\"headline\" >Baderstuhl ca. 1720<\/h3><\/div><\/div><\/figcaption><\/figure><\/a><!--end av-masonry entry--><a href=\"http:\/\/www.zahnmuseum-linz.at\/2020wordpress\/wordpress\/wp-content\/uploads\/2020\/04\/dentist-edited-2.png\" id='av-masonry-1-item-630' data-av-masonry-item='630' class='av-masonry-entry isotope-item post-630 attachment type-attachment status-inherit hentry  av-masonry-item-with-image' title=\"\"  itemprop=\"thumbnailUrl\" ><div class='av-inner-masonry-sizer'><\/div><figure class='av-inner-masonry main_color'><div class=\"av-masonry-outerimage-container\"><div class=\"av-masonry-image-container\" style=\"background-image: url(http:\/\/www.zahnmuseum-linz.at\/2020wordpress\/wordpress\/wp-content\/uploads\/2020\/04\/dentist-edited-2.png);\"><\/div><\/div><figcaption class='av-inner-masonry-content site-background'><div class='av-inner-masonry-content-pos'><div class='av-inner-masonry-content-pos-content'><div class='avia-arrow'><\/div><h3 class='av-masonry-entry-title entry-title '  itemprop=\"headline\" ><\/h3><\/div><\/div><\/figcaption><\/figure><\/a><!--end av-masonry entry--><a href=\"http:\/\/www.zahnmuseum-linz.at\/2020wordpress\/wordpress\/wp-content\/uploads\/2020\/04\/stuhl_frei-2.png\" id='av-masonry-1-item-629' data-av-masonry-item='629' class='av-masonry-entry isotope-item post-629 attachment type-attachment status-inherit hentry  av-masonry-item-with-image' title=\"Stuhl ca. 1930\"  itemprop=\"thumbnailUrl\" ><div class='av-inner-masonry-sizer'><\/div><figure class='av-inner-masonry main_color'><div class=\"av-masonry-outerimage-container\"><div class=\"av-masonry-image-container\" style=\"background-image: url(http:\/\/www.zahnmuseum-linz.at\/2020wordpress\/wordpress\/wp-content\/uploads\/2020\/04\/stuhl_frei-2.png);\" title=\"Stuhl ca. 1930\" ><\/div><\/div><figcaption class='av-inner-masonry-content site-background'><div class='av-inner-masonry-content-pos'><div class='av-inner-masonry-content-pos-content'><div class='avia-arrow'><\/div><h3 class='av-masonry-entry-title entry-title '  itemprop=\"headline\" >Stuhl ca. 1930<\/h3><\/div><\/div><\/figcaption><\/figure><\/a><!--end av-masonry entry--><a href=\"http:\/\/www.zahnmuseum-linz.at\/2020wordpress\/wordpress\/wp-content\/uploads\/2020\/04\/dosen-colored-2.png\" id='av-masonry-1-item-628' data-av-masonry-item='628' class='av-masonry-entry isotope-item post-628 attachment type-attachment status-inherit hentry  av-masonry-item-with-image' title=\"\"  itemprop=\"thumbnailUrl\" ><div class='av-inner-masonry-sizer'><\/div><figure class='av-inner-masonry main_color'><div class=\"av-masonry-outerimage-container\"><div class=\"av-masonry-image-container\" style=\"background-image: url(http:\/\/www.zahnmuseum-linz.at\/2020wordpress\/wordpress\/wp-content\/uploads\/2020\/04\/dosen-colored-2.png);\"><\/div><\/div><figcaption class='av-inner-masonry-content site-background'><div class='av-inner-masonry-content-pos'><div class='av-inner-masonry-content-pos-content'><div class='avia-arrow'><\/div><h3 class='av-masonry-entry-title entry-title '  itemprop=\"headline\" ><\/h3><\/div><\/div><\/figcaption><\/figure><\/a><!--end av-masonry entry--><a href=\"http:\/\/www.zahnmuseum-linz.at\/2020wordpress\/wordpress\/wp-content\/uploads\/2020\/04\/werkzeuge-2-1030x409.jpg\" id='av-masonry-1-item-626' data-av-masonry-item='626' class='av-masonry-entry isotope-item post-626 attachment type-attachment status-inherit hentry  av-masonry-item-with-image' title=\"Werkzeug ca. 1700\"  itemprop=\"thumbnailUrl\" ><div class='av-inner-masonry-sizer'><\/div><figure class='av-inner-masonry main_color'><div class=\"av-masonry-outerimage-container\"><div class=\"av-masonry-image-container\" style=\"background-image: url(http:\/\/www.zahnmuseum-linz.at\/2020wordpress\/wordpress\/wp-content\/uploads\/2020\/04\/werkzeuge-2-705x280.jpg);\" title=\"Werkzeug ca. 1700\" ><\/div><\/div><figcaption class='av-inner-masonry-content site-background'><div class='av-inner-masonry-content-pos'><div class='av-inner-masonry-content-pos-content'><div class='avia-arrow'><\/div><h3 class='av-masonry-entry-title entry-title '  itemprop=\"headline\" >Werkzeug ca. 1700<\/h3><\/div><\/div><\/figcaption><\/figure><\/a><!--end av-masonry entry--><\/div><\/div>\n<\/div><\/div><\/div><!-- close content main div --><\/div><div class='av-extra-border-element border-extra-diagonal border-extra-diagonal-inverse '><div class='av-extra-border-outer'><div class='av-extra-border-inner'  style='background-color:#ffffff;' ><\/div><\/div><\/div><\/div><div id='after_section_4'  class='main_color av_default_container_wrap container_wrap fullsize' style=' '  ><div class='container' ><div class='template-page content  av-content-full alpha units'><div class='post-entry post-entry-type-page post-entry-206'><div class='entry-content-wrapper clearfix'>\n<div class=\"flex_column av_one_fifth  flex_column_div av-zero-column-padding first  avia-builder-el-45  el_after_av_section  el_before_av_three_fifth  avia-builder-el-first  \" style='border-radius:0px; '><\/div>\n<div class=\"flex_column av_three_fifth  flex_column_div av-zero-column-padding   avia-builder-el-46  el_after_av_one_fifth  el_before_av_one_fifth  \" style='border-radius:0px; '><section class=\"av_textblock_section \"  itemscope=\"itemscope\" itemtype=\"https:\/\/schema.org\/CreativeWork\" ><div class='avia_textblock  '   itemprop=\"text\" ><p><!--\n<iframe loading=\"lazy\" style=\"border: 0;\" tabindex=\"0\" src=\"https:\/\/www.google.com\/maps\/embed?pb=!4v1592347324207!6m8!1m7!1sCAoSLEFGMVFpcFBVSXYtVFRObUQzYlc0XzV0dlY5M1FOMjM2eHluaEVxb0VkQ0Vf!2m2!1d48.30577905!2d14.28805366!3f292.70382541240946!4f-14.592174538757973!5f0.7820865974627469\" width=\"600\" height=\"450\" frameborder=\"0\" allowfullscreen=\"allowfullscreen\" aria-hidden=\"false\"><\/iframe>\n--><\/p>\n<\/div><\/section><\/div>\n<div class=\"flex_column av_one_fifth  flex_column_div av-zero-column-padding   avia-builder-el-48  el_after_av_three_fifth  avia-builder-el-last  \" style='border-radius:0px; '><\/div>\n","protected":false},"excerpt":{"rendered":"","protected":false},"author":1,"featured_media":0,"parent":0,"menu_order":0,"comment_status":"closed","ping_status":"closed","template":"","meta":{"footnotes":""},"class_list":["post-206","page","type-page","status-publish","hentry"],"_links":{"self":[{"href":"http:\/\/www.zahnmuseum-linz.at\/2020wordpress\/wordpress\/wp-json\/wp\/v2\/pages\/206","targetHints":{"allow":["GET"]}}],"collection":[{"href":"http:\/\/www.zahnmuseum-linz.at\/2020wordpress\/wordpress\/wp-json\/wp\/v2\/pages"}],"about":[{"href":"http:\/\/www.zahnmuseum-linz.at\/2020wordpress\/wordpress\/wp-json\/wp\/v2\/types\/page"}],"author":[{"embeddable":true,"href":"http:\/\/www.zahnmuseum-linz.at\/2020wordpress\/wordpress\/wp-json\/wp\/v2\/users\/1"}],"replies":[{"embeddable":true,"href":"http:\/\/www.zahnmuseum-linz.at\/2020wordpress\/wordpress\/wp-json\/wp\/v2\/comments?post=206"}],"version-history":[{"count":41,"href":"http:\/\/www.zahnmuseum-linz.at\/2020wordpress\/wordpress\/wp-json\/wp\/v2\/pages\/206\/revisions"}],"predecessor-version":[{"id":829,"href":"http:\/\/www.zahnmuseum-linz.at\/2020wordpress\/wordpress\/wp-json\/wp\/v2\/pages\/206\/revisions\/829"}],"wp:attachment":[{"href":"http:\/\/www.zahnmuseum-linz.at\/2020wordpress\/wordpress\/wp-json\/wp\/v2\/media?parent=206"}],"curies":[{"name":"wp","href":"https:\/\/api.w.org\/{rel}","templated":true}]}}