{"id":719,"date":"2020-04-28T01:22:49","date_gmt":"2020-04-27T23:22:49","guid":{"rendered":"http:\/\/www.zahnmuseum-linz.at\/2020wordpress\/wordpress\/?page_id=719"},"modified":"2020-12-13T12:12:01","modified_gmt":"2020-12-13T11:12:01","slug":"uber-uns","status":"publish","type":"page","link":"http:\/\/www.zahnmuseum-linz.at\/2020wordpress\/wordpress\/uber-uns\/","title":{"rendered":"\u00dcber uns"},"content":{"rendered":"<div class=\"flex_column av_one_fourth  flex_column_div av-zero-column-padding first  \" style='border-radius:0px; '><\/div>\n<div class=\"flex_column av_one_half  flex_column_div av-zero-column-padding   \" style='border-radius:0px; '><p><div  style='padding-bottom:10px; ' class='av-special-heading av-special-heading-h1    '><h1 class='av-special-heading-tag '  itemprop=\"headline\"  >Verein: Linzer Museum f\u00fcr Geschichte der Zahnheilkunde und Zahntechnik <\/br><\/h1><div class='special-heading-border'><div class='special-heading-inner-border' ><\/div><\/div><\/div><br \/>\n<div  class='avia-image-container  av-styling-    avia-align-center '  itemprop=\"image\" itemscope=\"itemscope\" itemtype=\"https:\/\/schema.org\/ImageObject\"  ><div class='avia-image-container-inner'><div class='avia-image-overlay-wrap'><img class='avia_image' src='http:\/\/www.zahnmuseum-linz.at\/2020wordpress\/wordpress\/wp-content\/uploads\/2020\/04\/verein-2.jpg' alt='' title='verein-2' height=\"511\" width=\"723\"  itemprop=\"thumbnailUrl\"  \/><\/div><\/div><\/div><\/p><\/div><div class=\"flex_column av_one_fourth  flex_column_div av-zero-column-padding   \" style='border-radius:0px; '><\/div><\/p>\n<div class=\"flex_column av_one_half  flex_column_div av-zero-column-padding first  \" style='border-radius:0px; '><p><div  style='padding-bottom:10px; ' class='av-special-heading av-special-heading-h3    '><h3 class='av-special-heading-tag '  itemprop=\"headline\"  >\u00dcber unser Museum<\/h3><div class='special-heading-border'><div class='special-heading-inner-border' ><\/div><\/div><\/div><br \/>\n<div  style='padding-bottom:10px; ' class='av-special-heading av-special-heading-h5    '><h5 class='av-special-heading-tag '  itemprop=\"headline\"  >von DR. WOLFGANG REGAL, erstpubliziert im Springer Verlag in der \u00c4rztewoche 2012<\/h5><div class='special-heading-border'><div class='special-heading-inner-border' ><\/div><\/div><\/div><br \/>\n<section class=\"av_textblock_section \"  itemscope=\"itemscope\" itemtype=\"https:\/\/schema.org\/CreativeWork\" ><div class='avia_textblock  '   itemprop=\"text\" ><p><strong>\u00bbDer Zahnschmerz ist der heftigste und grausamste aller Schmerzen, der nicht zum Tode f\u00fchren\u00ab<\/strong>, schrieb der ber\u00fchmte franz\u00f6sische Chirurg und Barbier Ambroise Par\u00e9 (1510\u20131590) um die Mitte des 16. Jahrhunderts.<\/p>\n<p>Den Kampf gegen dieses \u00dcbel und vieles, vieles mehr aus der Welt der Zahnmedizin und Zahntechnik pr\u00e4sentiert eindrucksvoll das neu gestaltete <strong>\u00bbZahnmuseum Linz\u00ab<\/strong> im Alten Rathaus am Hauptplatz in Linz.<\/p>\n<p>Ausgestellt sind im Museum Exponate aus der Zeit um 1700 bis in die j\u00fcngste Vergangenheit. Die \u00e4ltesten Exponate sind ein Zahnschl\u00fcssel wie er um 1730 gebr\u00e4uchlich war und eine h\u00f6lzerner <strong>\u00bbBaderstuhl\u00ab<\/strong> mit Nackenst\u00fctze, ein Vorl\u00e4ufer der sp\u00e4ter immer aufwendigeren Behandlungseinheiten. Aufgebaut in Nischen pr\u00e4sentiert die Sammlung komplette Ensembles von Behandlungseinheiten mit entsprechender Technik und Instrumentarium von der <strong>\u00bbAltwiener Nobelpraxis\u00ab<\/strong> um 1900 bis zum Kompaktbehandlungsplatz der Firma Siemens aus dem Jahr 1983. Dieser Behandlungsplatz stand bis 1997 im Programm und wurde mehr als 30.000mal verkauft. Das Zahnr\u00f6ntgen im Wandel der Zeit ist hier ebenso dokumentiert wie der Arbeitsplatz eines Zahntechnikers und Apparate der Zahntechnik, vom ersten Keramikbrennofen bis zum Computer f\u00fcr softwaregesteuerte Porzellaninlays aus dem Jahr 1985. Als kuriose Rarit\u00e4ten der Sammlung imponieren der Miswak, die traditionelle arabische Zahnb\u00fcrste aus dem Zweig des Zahnb\u00fcrstenbaums (Salvatora persica), dessen hoher Fluoridgehalt die Effizienz der Oralprophylaxe unterst\u00fctzt und ein so genannter <strong>\u00bbMastikator\u00ab<\/strong>, ein kleines Ger\u00e4t zum Zerbr\u00f6seln von hartem Brot. Vermischt mit Wasser, konnte so auch ein Zahnloser Brot zu sich nehmen. Videos \u00fcber die Geschichte der Zahnheilkunde und verwandte Themen runden die einzigartige und mit viel Liebe zusammengetragene und pr\u00e4sentierte Schau rund um die historische Zahnmedizin und Dentalpraktiken ab. Eintritt frei.<\/p>\n<\/div><\/section><\/p><\/div><div class=\"flex_column av_one_half  flex_column_div av-zero-column-padding   \" style='border-radius:0px; '><p><div  style='padding-bottom:10px; ' class='av-special-heading av-special-heading-h3    '><h3 class='av-special-heading-tag '  itemprop=\"headline\"  >\u00dcber den Verein<\/h3><div class='special-heading-border'><div class='special-heading-inner-border' ><\/div><\/div><\/div><br \/>\n<section class=\"av_textblock_section \"  itemscope=\"itemscope\" itemtype=\"https:\/\/schema.org\/CreativeWork\" ><div class='avia_textblock  '   itemprop=\"text\" ><div class=\"row\">\n<div class=\"eight columns centered mobile-all\">\n<p>Der Verein wurde 1998 als Interessengemeinschaft f\u00fcr Geschichte der Zahnheilkunde in \u00d6O gegr\u00fcndet und hat sich der Erhaltung alter Apparaturen und Ger\u00e4te aus dem zahnmedizinischen und zahntechnischen Bereich verschrieben, um dieselben in Ausstellungen und in einem eigens daf\u00fcr eingerichteten Museum der \u00d6ffentlichkeit zu pr\u00e4sentieren.<\/p>\n<p>Die Mitglieder setzen sich aus den Berufszweigen Zahn\u00e4rzte, Zahntechniker, Dentalindustrie und Dentalhandel zusammen und arbeiten ausschlie\u00dflich ehrenamtlich.<\/p>\n<\/div>\n<\/div>\n<div class=\"row\">\n<div id=\"members\" class=\"eight columns centered mobile-all\">\n<ul>\n<li><em>PR\u00c4SIDENT:\u00a0<\/em>MR Dr. med. univ. Rudolf Matheis M.c. Linz<\/li>\n<li><em>VIZEPR\u00c4SIDENT U. ORGANISATION<\/em>: Gottfried Bachner, Linz,<\/li>\n<li><em>SCHRIFTF\u00dcHRER<\/em>: Mr Dr. med. univ. Wilfried Wolkerstorfer Linz<\/li>\n<li><em>KASSIERIN<\/em>: Zahnarzt Elfriede Taglieber, Linz<\/li>\n<li><em>KUSTOS<\/em>: MR Dr. med. univ. Wilfried Wolkerstorfer, Linz<\/li>\n<\/ul>\n<\/div>\n<\/div>\n<\/div><\/section><\/p><\/div><\/p>\n","protected":false},"excerpt":{"rendered":"","protected":false},"author":1,"featured_media":0,"parent":0,"menu_order":0,"comment_status":"closed","ping_status":"closed","template":"","meta":{"footnotes":""},"class_list":["post-719","page","type-page","status-publish","hentry"],"_links":{"self":[{"href":"http:\/\/www.zahnmuseum-linz.at\/2020wordpress\/wordpress\/wp-json\/wp\/v2\/pages\/719","targetHints":{"allow":["GET"]}}],"collection":[{"href":"http:\/\/www.zahnmuseum-linz.at\/2020wordpress\/wordpress\/wp-json\/wp\/v2\/pages"}],"about":[{"href":"http:\/\/www.zahnmuseum-linz.at\/2020wordpress\/wordpress\/wp-json\/wp\/v2\/types\/page"}],"author":[{"embeddable":true,"href":"http:\/\/www.zahnmuseum-linz.at\/2020wordpress\/wordpress\/wp-json\/wp\/v2\/users\/1"}],"replies":[{"embeddable":true,"href":"http:\/\/www.zahnmuseum-linz.at\/2020wordpress\/wordpress\/wp-json\/wp\/v2\/comments?post=719"}],"version-history":[{"count":2,"href":"http:\/\/www.zahnmuseum-linz.at\/2020wordpress\/wordpress\/wp-json\/wp\/v2\/pages\/719\/revisions"}],"predecessor-version":[{"id":735,"href":"http:\/\/www.zahnmuseum-linz.at\/2020wordpress\/wordpress\/wp-json\/wp\/v2\/pages\/719\/revisions\/735"}],"wp:attachment":[{"href":"http:\/\/www.zahnmuseum-linz.at\/2020wordpress\/wordpress\/wp-json\/wp\/v2\/media?parent=719"}],"curies":[{"name":"wp","href":"https:\/\/api.w.org\/{rel}","templated":true}]}}